{"id":9164,"date":"2021-01-22T09:59:50","date_gmt":"2021-01-22T09:59:50","guid":{"rendered":"https:\/\/kerrock.si\/staging\/multimedia\/certifikaty\/"},"modified":"2026-03-26T12:59:47","modified_gmt":"2026-03-26T11:59:47","slug":"certifikaty","status":"publish","type":"page","link":"https:\/\/www.kerrock-cz.eu\/staging\/multimedia\/certifikaty\/","title":{"rendered":"Certifik\u00e1ty"},"content":{"rendered":"","protected":false},"excerpt":{"rendered":"","protected":false},"author":5,"featured_media":9203,"parent":9160,"menu_order":0,"comment_status":"closed","ping_status":"closed","template":"","meta":{"_acf_changed":false,"inline_featured_image":false,"footnotes":""},"class_list":["post-9164","page","type-page","status-publish","has-post-thumbnail","hentry"],"acf":[],"yoast_head":"<!-- This site is optimized with the Yoast SEO plugin v26.9 - https:\/\/yoast.com\/product\/yoast-seo-wordpress\/ -->\n<title>Certifik\u00e1ty | Staging Kerock<\/title>\n<meta name=\"robots\" content=\"noindex, follow, max-snippet:-1, max-image-preview:large, max-video-preview:-1\" \/>\n<meta property=\"og:locale\" content=\"cs_CZ\" \/>\n<meta property=\"og:type\" content=\"article\" \/>\n<meta property=\"og:title\" content=\"Certifik\u00e1ty | Staging Kerock\" \/>\n<meta property=\"og:url\" content=\"https:\/\/www.kerrock-cz.eu\/staging\/multimedia\/certifikaty\/\" \/>\n<meta property=\"og:site_name\" content=\"Staging Kerock\" \/>\n<meta property=\"article:modified_time\" content=\"2026-03-26T11:59:47+00:00\" \/>\n<meta property=\"og:image\" content=\"https:\/\/www.kerrock-cz.eu\/wp-content\/uploads\/2020\/12\/bg_multimedia-2.jpg\" \/>\n\t<meta property=\"og:image:width\" content=\"1920\" \/>\n\t<meta property=\"og:image:height\" content=\"650\" \/>\n\t<meta property=\"og:image:type\" content=\"image\/jpeg\" \/>\n<meta name=\"twitter:card\" content=\"summary_large_image\" \/>\n<meta name=\"twitter:label1\" content=\"Odhadovan\u00e1 doba \u010dten\u00ed\" \/>\n\t<meta name=\"twitter:data1\" content=\"13 minut\" \/>\n<script type=\"application\/ld+json\" class=\"yoast-schema-graph\">{\"@context\":\"https:\/\/schema.org\",\"@graph\":[{\"@type\":\"WebPage\",\"@id\":\"https:\/\/www.kerrock-cz.eu\/staging\/multimedia\/certifikaty\/\",\"url\":\"https:\/\/www.kerrock-cz.eu\/staging\/multimedia\/certifikaty\/\",\"name\":\"Certifik\u00e1ty | Staging Kerock\",\"isPartOf\":{\"@id\":\"https:\/\/www.kerrock-cz.eu\/#website\"},\"primaryImageOfPage\":{\"@id\":\"https:\/\/www.kerrock-cz.eu\/staging\/multimedia\/certifikaty\/#primaryimage\"},\"image\":{\"@id\":\"https:\/\/www.kerrock-cz.eu\/staging\/multimedia\/certifikaty\/#primaryimage\"},\"thumbnailUrl\":\"https:\/\/www.kerrock-cz.eu\/staging\/wp-content\/uploads\/2020\/12\/bg_multimedia-2.jpg\",\"datePublished\":\"2021-01-22T09:59:50+00:00\",\"dateModified\":\"2026-03-26T11:59:47+00:00\",\"breadcrumb\":{\"@id\":\"https:\/\/www.kerrock-cz.eu\/staging\/multimedia\/certifikaty\/#breadcrumb\"},\"inLanguage\":\"cs\",\"potentialAction\":[{\"@type\":\"ReadAction\",\"target\":[\"https:\/\/www.kerrock-cz.eu\/staging\/multimedia\/certifikaty\/\"]}]},{\"@type\":\"ImageObject\",\"inLanguage\":\"cs\",\"@id\":\"https:\/\/www.kerrock-cz.eu\/staging\/multimedia\/certifikaty\/#primaryimage\",\"url\":\"https:\/\/www.kerrock-cz.eu\/staging\/wp-content\/uploads\/2020\/12\/bg_multimedia-2.jpg\",\"contentUrl\":\"https:\/\/www.kerrock-cz.eu\/staging\/wp-content\/uploads\/2020\/12\/bg_multimedia-2.jpg\",\"width\":1920,\"height\":650},{\"@type\":\"BreadcrumbList\",\"@id\":\"https:\/\/www.kerrock-cz.eu\/staging\/multimedia\/certifikaty\/#breadcrumb\",\"itemListElement\":[{\"@type\":\"ListItem\",\"position\":1,\"name\":\"Home\",\"item\":\"https:\/\/www.kerrock-cz.eu\/\"},{\"@type\":\"ListItem\",\"position\":2,\"name\":\"M\u00e9dia\",\"item\":\"https:\/\/www.kerrock-cz.eu\/multimedia\/\"},{\"@type\":\"ListItem\",\"position\":3,\"name\":\"Certifik\u00e1ty\"}]},{\"@type\":\"WebSite\",\"@id\":\"https:\/\/www.kerrock-cz.eu\/#website\",\"url\":\"https:\/\/www.kerrock-cz.eu\/\",\"name\":\"Staging Kerock\",\"description\":\"Vymyslete si cokoliv. My to uskute\u010dn\u00edme.\",\"publisher\":{\"@id\":\"https:\/\/www.kerrock-cz.eu\/#organization\"},\"potentialAction\":[{\"@type\":\"SearchAction\",\"target\":{\"@type\":\"EntryPoint\",\"urlTemplate\":\"https:\/\/www.kerrock-cz.eu\/?s={search_term_string}\"},\"query-input\":{\"@type\":\"PropertyValueSpecification\",\"valueRequired\":true,\"valueName\":\"search_term_string\"}}],\"inLanguage\":\"cs\"},{\"@type\":\"Organization\",\"@id\":\"https:\/\/www.kerrock-cz.eu\/#organization\",\"name\":\"Kerrock\",\"url\":\"https:\/\/www.kerrock-cz.eu\/\",\"logo\":{\"@type\":\"ImageObject\",\"inLanguage\":\"cs\",\"@id\":\"https:\/\/www.kerrock-cz.eu\/#\/schema\/logo\/image\/\",\"url\":\"https:\/\/www.kerrock-cz.eu\/staging\/wp-content\/uploads\/2021\/01\/facebook_share_image_1200x628_v2_20210106.jpg\",\"contentUrl\":\"https:\/\/www.kerrock-cz.eu\/staging\/wp-content\/uploads\/2021\/01\/facebook_share_image_1200x628_v2_20210106.jpg\",\"width\":1200,\"height\":628,\"caption\":\"Kerrock\"},\"image\":{\"@id\":\"https:\/\/www.kerrock-cz.eu\/#\/schema\/logo\/image\/\"}}]}<\/script>\n<!-- \/ Yoast SEO plugin. -->","yoast_head_json":{"title":"Certifik\u00e1ty | Staging Kerock","robots":{"index":"noindex","follow":"follow","max-snippet":"max-snippet:-1","max-image-preview":"max-image-preview:large","max-video-preview":"max-video-preview:-1"},"og_locale":"cs_CZ","og_type":"article","og_title":"Certifik\u00e1ty | Staging Kerock","og_url":"https:\/\/www.kerrock-cz.eu\/staging\/multimedia\/certifikaty\/","og_site_name":"Staging Kerock","article_modified_time":"2026-03-26T11:59:47+00:00","og_image":[{"width":1920,"height":650,"url":"https:\/\/www.kerrock-cz.eu\/wp-content\/uploads\/2020\/12\/bg_multimedia-2.jpg","type":"image\/jpeg"}],"twitter_card":"summary_large_image","twitter_misc":{"Odhadovan\u00e1 doba \u010dten\u00ed":"13 minut"},"schema":{"@context":"https:\/\/schema.org","@graph":[{"@type":"WebPage","@id":"https:\/\/www.kerrock-cz.eu\/staging\/multimedia\/certifikaty\/","url":"https:\/\/www.kerrock-cz.eu\/staging\/multimedia\/certifikaty\/","name":"Certifik\u00e1ty | Staging Kerock","isPartOf":{"@id":"https:\/\/www.kerrock-cz.eu\/#website"},"primaryImageOfPage":{"@id":"https:\/\/www.kerrock-cz.eu\/staging\/multimedia\/certifikaty\/#primaryimage"},"image":{"@id":"https:\/\/www.kerrock-cz.eu\/staging\/multimedia\/certifikaty\/#primaryimage"},"thumbnailUrl":"https:\/\/www.kerrock-cz.eu\/staging\/wp-content\/uploads\/2020\/12\/bg_multimedia-2.jpg","datePublished":"2021-01-22T09:59:50+00:00","dateModified":"2026-03-26T11:59:47+00:00","breadcrumb":{"@id":"https:\/\/www.kerrock-cz.eu\/staging\/multimedia\/certifikaty\/#breadcrumb"},"inLanguage":"cs","potentialAction":[{"@type":"ReadAction","target":["https:\/\/www.kerrock-cz.eu\/staging\/multimedia\/certifikaty\/"]}]},{"@type":"ImageObject","inLanguage":"cs","@id":"https:\/\/www.kerrock-cz.eu\/staging\/multimedia\/certifikaty\/#primaryimage","url":"https:\/\/www.kerrock-cz.eu\/staging\/wp-content\/uploads\/2020\/12\/bg_multimedia-2.jpg","contentUrl":"https:\/\/www.kerrock-cz.eu\/staging\/wp-content\/uploads\/2020\/12\/bg_multimedia-2.jpg","width":1920,"height":650},{"@type":"BreadcrumbList","@id":"https:\/\/www.kerrock-cz.eu\/staging\/multimedia\/certifikaty\/#breadcrumb","itemListElement":[{"@type":"ListItem","position":1,"name":"Home","item":"https:\/\/www.kerrock-cz.eu\/"},{"@type":"ListItem","position":2,"name":"M\u00e9dia","item":"https:\/\/www.kerrock-cz.eu\/multimedia\/"},{"@type":"ListItem","position":3,"name":"Certifik\u00e1ty"}]},{"@type":"WebSite","@id":"https:\/\/www.kerrock-cz.eu\/#website","url":"https:\/\/www.kerrock-cz.eu\/","name":"Staging Kerock","description":"Vymyslete si cokoliv. My to uskute\u010dn\u00edme.","publisher":{"@id":"https:\/\/www.kerrock-cz.eu\/#organization"},"potentialAction":[{"@type":"SearchAction","target":{"@type":"EntryPoint","urlTemplate":"https:\/\/www.kerrock-cz.eu\/?s={search_term_string}"},"query-input":{"@type":"PropertyValueSpecification","valueRequired":true,"valueName":"search_term_string"}}],"inLanguage":"cs"},{"@type":"Organization","@id":"https:\/\/www.kerrock-cz.eu\/#organization","name":"Kerrock","url":"https:\/\/www.kerrock-cz.eu\/","logo":{"@type":"ImageObject","inLanguage":"cs","@id":"https:\/\/www.kerrock-cz.eu\/#\/schema\/logo\/image\/","url":"https:\/\/www.kerrock-cz.eu\/staging\/wp-content\/uploads\/2021\/01\/facebook_share_image_1200x628_v2_20210106.jpg","contentUrl":"https:\/\/www.kerrock-cz.eu\/staging\/wp-content\/uploads\/2021\/01\/facebook_share_image_1200x628_v2_20210106.jpg","width":1200,"height":628,"caption":"Kerrock"},"image":{"@id":"https:\/\/www.kerrock-cz.eu\/#\/schema\/logo\/image\/"}}]}},"_links":{"self":[{"href":"https:\/\/www.kerrock-cz.eu\/staging\/wp-json\/wp\/v2\/pages\/9164","targetHints":{"allow":["GET"]}}],"collection":[{"href":"https:\/\/www.kerrock-cz.eu\/staging\/wp-json\/wp\/v2\/pages"}],"about":[{"href":"https:\/\/www.kerrock-cz.eu\/staging\/wp-json\/wp\/v2\/types\/page"}],"author":[{"embeddable":true,"href":"https:\/\/www.kerrock-cz.eu\/staging\/wp-json\/wp\/v2\/users\/5"}],"replies":[{"embeddable":true,"href":"https:\/\/www.kerrock-cz.eu\/staging\/wp-json\/wp\/v2\/comments?post=9164"}],"version-history":[{"count":14,"href":"https:\/\/www.kerrock-cz.eu\/staging\/wp-json\/wp\/v2\/pages\/9164\/revisions"}],"predecessor-version":[{"id":129289,"href":"https:\/\/www.kerrock-cz.eu\/staging\/wp-json\/wp\/v2\/pages\/9164\/revisions\/129289"}],"up":[{"embeddable":true,"href":"https:\/\/www.kerrock-cz.eu\/staging\/wp-json\/wp\/v2\/pages\/9160"}],"wp:featuredmedia":[{"embeddable":true,"href":"https:\/\/www.kerrock-cz.eu\/staging\/wp-json\/wp\/v2\/media\/9203"}],"wp:attachment":[{"href":"https:\/\/www.kerrock-cz.eu\/staging\/wp-json\/wp\/v2\/media?parent=9164"}],"curies":[{"name":"wp","href":"https:\/\/api.w.org\/{rel}","templated":true}]}}