{"id":8786,"date":"2021-01-22T09:59:12","date_gmt":"2021-01-22T09:59:12","guid":{"rendered":"https:\/\/kerrock.si\/staging\/poznejte-kerrock\/velikosti-a-tloustky\/"},"modified":"2024-06-05T09:53:54","modified_gmt":"2024-06-05T07:53:54","slug":"velikosti-a-tloustky","status":"publish","type":"page","link":"https:\/\/www.kerrock-cz.eu\/staging\/poznejte-kerrock\/velikosti-a-tloustky\/","title":{"rendered":"Rozm\u011bry a tlou\u0161\u0165ka"},"content":{"rendered":"","protected":false},"excerpt":{"rendered":"","protected":false},"author":5,"featured_media":80555,"parent":8710,"menu_order":6,"comment_status":"closed","ping_status":"closed","template":"page-explore.php","meta":{"_acf_changed":false,"inline_featured_image":false,"footnotes":""},"class_list":["post-8786","page","type-page","status-publish","has-post-thumbnail","hentry"],"acf":[],"yoast_head":"<!-- This site is optimized with the Yoast SEO plugin v26.9 - https:\/\/yoast.com\/product\/yoast-seo-wordpress\/ -->\n<title>Rozm\u011bry a tlou\u0161\u0165ka | Staging Kerock<\/title>\n<meta name=\"robots\" content=\"noindex, follow, max-snippet:-1, max-image-preview:large, max-video-preview:-1\" \/>\n<meta property=\"og:locale\" content=\"cs_CZ\" \/>\n<meta property=\"og:type\" content=\"article\" \/>\n<meta property=\"og:title\" content=\"Rozm\u011bry a tlou\u0161\u0165ka | Staging Kerock\" \/>\n<meta property=\"og:url\" content=\"https:\/\/www.kerrock-cz.eu\/staging\/poznejte-kerrock\/velikosti-a-tloustky\/\" \/>\n<meta property=\"og:site_name\" content=\"Staging Kerock\" \/>\n<meta property=\"article:modified_time\" content=\"2024-06-05T07:53:54+00:00\" \/>\n<meta property=\"og:image\" content=\"https:\/\/www.kerrock-cz.eu\/wp-content\/uploads\/2024\/04\/banner_1920x700px_5.jpg\" \/>\n\t<meta property=\"og:image:width\" content=\"1920\" \/>\n\t<meta property=\"og:image:height\" content=\"700\" \/>\n\t<meta property=\"og:image:type\" content=\"image\/jpeg\" \/>\n<meta name=\"twitter:card\" content=\"summary_large_image\" \/>\n<script type=\"application\/ld+json\" class=\"yoast-schema-graph\">{\"@context\":\"https:\/\/schema.org\",\"@graph\":[{\"@type\":\"WebPage\",\"@id\":\"https:\/\/www.kerrock-cz.eu\/staging\/poznejte-kerrock\/velikosti-a-tloustky\/\",\"url\":\"https:\/\/www.kerrock-cz.eu\/staging\/poznejte-kerrock\/velikosti-a-tloustky\/\",\"name\":\"Rozm\u011bry a tlou\u0161\u0165ka | Staging Kerock\",\"isPartOf\":{\"@id\":\"https:\/\/www.kerrock-cz.eu\/#website\"},\"primaryImageOfPage\":{\"@id\":\"https:\/\/www.kerrock-cz.eu\/staging\/poznejte-kerrock\/velikosti-a-tloustky\/#primaryimage\"},\"image\":{\"@id\":\"https:\/\/www.kerrock-cz.eu\/staging\/poznejte-kerrock\/velikosti-a-tloustky\/#primaryimage\"},\"thumbnailUrl\":\"https:\/\/www.kerrock-cz.eu\/staging\/wp-content\/uploads\/2024\/04\/banner_1920x700px_5.jpg\",\"datePublished\":\"2021-01-22T09:59:12+00:00\",\"dateModified\":\"2024-06-05T07:53:54+00:00\",\"breadcrumb\":{\"@id\":\"https:\/\/www.kerrock-cz.eu\/staging\/poznejte-kerrock\/velikosti-a-tloustky\/#breadcrumb\"},\"inLanguage\":\"cs\",\"potentialAction\":[{\"@type\":\"ReadAction\",\"target\":[\"https:\/\/www.kerrock-cz.eu\/staging\/poznejte-kerrock\/velikosti-a-tloustky\/\"]}]},{\"@type\":\"ImageObject\",\"inLanguage\":\"cs\",\"@id\":\"https:\/\/www.kerrock-cz.eu\/staging\/poznejte-kerrock\/velikosti-a-tloustky\/#primaryimage\",\"url\":\"https:\/\/www.kerrock-cz.eu\/staging\/wp-content\/uploads\/2024\/04\/banner_1920x700px_5.jpg\",\"contentUrl\":\"https:\/\/www.kerrock-cz.eu\/staging\/wp-content\/uploads\/2024\/04\/banner_1920x700px_5.jpg\",\"width\":1920,\"height\":700},{\"@type\":\"BreadcrumbList\",\"@id\":\"https:\/\/www.kerrock-cz.eu\/staging\/poznejte-kerrock\/velikosti-a-tloustky\/#breadcrumb\",\"itemListElement\":[{\"@type\":\"ListItem\",\"position\":1,\"name\":\"Home\",\"item\":\"https:\/\/www.kerrock-cz.eu\/\"},{\"@type\":\"ListItem\",\"position\":2,\"name\":\"Poznejte Kerrock\",\"item\":\"https:\/\/www.kerrock-cz.eu\/poznejte-kerrock\/\"},{\"@type\":\"ListItem\",\"position\":3,\"name\":\"Rozm\u011bry a tlou\u0161\u0165ka\"}]},{\"@type\":\"WebSite\",\"@id\":\"https:\/\/www.kerrock-cz.eu\/#website\",\"url\":\"https:\/\/www.kerrock-cz.eu\/\",\"name\":\"Staging Kerock\",\"description\":\"Vymyslete si cokoliv. My to uskute\u010dn\u00edme.\",\"publisher\":{\"@id\":\"https:\/\/www.kerrock-cz.eu\/#organization\"},\"potentialAction\":[{\"@type\":\"SearchAction\",\"target\":{\"@type\":\"EntryPoint\",\"urlTemplate\":\"https:\/\/www.kerrock-cz.eu\/?s={search_term_string}\"},\"query-input\":{\"@type\":\"PropertyValueSpecification\",\"valueRequired\":true,\"valueName\":\"search_term_string\"}}],\"inLanguage\":\"cs\"},{\"@type\":\"Organization\",\"@id\":\"https:\/\/www.kerrock-cz.eu\/#organization\",\"name\":\"Kerrock\",\"url\":\"https:\/\/www.kerrock-cz.eu\/\",\"logo\":{\"@type\":\"ImageObject\",\"inLanguage\":\"cs\",\"@id\":\"https:\/\/www.kerrock-cz.eu\/#\/schema\/logo\/image\/\",\"url\":\"https:\/\/www.kerrock-cz.eu\/staging\/wp-content\/uploads\/2021\/01\/facebook_share_image_1200x628_v2_20210106.jpg\",\"contentUrl\":\"https:\/\/www.kerrock-cz.eu\/staging\/wp-content\/uploads\/2021\/01\/facebook_share_image_1200x628_v2_20210106.jpg\",\"width\":1200,\"height\":628,\"caption\":\"Kerrock\"},\"image\":{\"@id\":\"https:\/\/www.kerrock-cz.eu\/#\/schema\/logo\/image\/\"}}]}<\/script>\n<!-- \/ Yoast SEO plugin. -->","yoast_head_json":{"title":"Rozm\u011bry a tlou\u0161\u0165ka | Staging Kerock","robots":{"index":"noindex","follow":"follow","max-snippet":"max-snippet:-1","max-image-preview":"max-image-preview:large","max-video-preview":"max-video-preview:-1"},"og_locale":"cs_CZ","og_type":"article","og_title":"Rozm\u011bry a tlou\u0161\u0165ka | Staging Kerock","og_url":"https:\/\/www.kerrock-cz.eu\/staging\/poznejte-kerrock\/velikosti-a-tloustky\/","og_site_name":"Staging Kerock","article_modified_time":"2024-06-05T07:53:54+00:00","og_image":[{"width":1920,"height":700,"url":"https:\/\/www.kerrock-cz.eu\/wp-content\/uploads\/2024\/04\/banner_1920x700px_5.jpg","type":"image\/jpeg"}],"twitter_card":"summary_large_image","schema":{"@context":"https:\/\/schema.org","@graph":[{"@type":"WebPage","@id":"https:\/\/www.kerrock-cz.eu\/staging\/poznejte-kerrock\/velikosti-a-tloustky\/","url":"https:\/\/www.kerrock-cz.eu\/staging\/poznejte-kerrock\/velikosti-a-tloustky\/","name":"Rozm\u011bry a tlou\u0161\u0165ka | Staging Kerock","isPartOf":{"@id":"https:\/\/www.kerrock-cz.eu\/#website"},"primaryImageOfPage":{"@id":"https:\/\/www.kerrock-cz.eu\/staging\/poznejte-kerrock\/velikosti-a-tloustky\/#primaryimage"},"image":{"@id":"https:\/\/www.kerrock-cz.eu\/staging\/poznejte-kerrock\/velikosti-a-tloustky\/#primaryimage"},"thumbnailUrl":"https:\/\/www.kerrock-cz.eu\/staging\/wp-content\/uploads\/2024\/04\/banner_1920x700px_5.jpg","datePublished":"2021-01-22T09:59:12+00:00","dateModified":"2024-06-05T07:53:54+00:00","breadcrumb":{"@id":"https:\/\/www.kerrock-cz.eu\/staging\/poznejte-kerrock\/velikosti-a-tloustky\/#breadcrumb"},"inLanguage":"cs","potentialAction":[{"@type":"ReadAction","target":["https:\/\/www.kerrock-cz.eu\/staging\/poznejte-kerrock\/velikosti-a-tloustky\/"]}]},{"@type":"ImageObject","inLanguage":"cs","@id":"https:\/\/www.kerrock-cz.eu\/staging\/poznejte-kerrock\/velikosti-a-tloustky\/#primaryimage","url":"https:\/\/www.kerrock-cz.eu\/staging\/wp-content\/uploads\/2024\/04\/banner_1920x700px_5.jpg","contentUrl":"https:\/\/www.kerrock-cz.eu\/staging\/wp-content\/uploads\/2024\/04\/banner_1920x700px_5.jpg","width":1920,"height":700},{"@type":"BreadcrumbList","@id":"https:\/\/www.kerrock-cz.eu\/staging\/poznejte-kerrock\/velikosti-a-tloustky\/#breadcrumb","itemListElement":[{"@type":"ListItem","position":1,"name":"Home","item":"https:\/\/www.kerrock-cz.eu\/"},{"@type":"ListItem","position":2,"name":"Poznejte Kerrock","item":"https:\/\/www.kerrock-cz.eu\/poznejte-kerrock\/"},{"@type":"ListItem","position":3,"name":"Rozm\u011bry a tlou\u0161\u0165ka"}]},{"@type":"WebSite","@id":"https:\/\/www.kerrock-cz.eu\/#website","url":"https:\/\/www.kerrock-cz.eu\/","name":"Staging Kerock","description":"Vymyslete si cokoliv. My to uskute\u010dn\u00edme.","publisher":{"@id":"https:\/\/www.kerrock-cz.eu\/#organization"},"potentialAction":[{"@type":"SearchAction","target":{"@type":"EntryPoint","urlTemplate":"https:\/\/www.kerrock-cz.eu\/?s={search_term_string}"},"query-input":{"@type":"PropertyValueSpecification","valueRequired":true,"valueName":"search_term_string"}}],"inLanguage":"cs"},{"@type":"Organization","@id":"https:\/\/www.kerrock-cz.eu\/#organization","name":"Kerrock","url":"https:\/\/www.kerrock-cz.eu\/","logo":{"@type":"ImageObject","inLanguage":"cs","@id":"https:\/\/www.kerrock-cz.eu\/#\/schema\/logo\/image\/","url":"https:\/\/www.kerrock-cz.eu\/staging\/wp-content\/uploads\/2021\/01\/facebook_share_image_1200x628_v2_20210106.jpg","contentUrl":"https:\/\/www.kerrock-cz.eu\/staging\/wp-content\/uploads\/2021\/01\/facebook_share_image_1200x628_v2_20210106.jpg","width":1200,"height":628,"caption":"Kerrock"},"image":{"@id":"https:\/\/www.kerrock-cz.eu\/#\/schema\/logo\/image\/"}}]}},"_links":{"self":[{"href":"https:\/\/www.kerrock-cz.eu\/staging\/wp-json\/wp\/v2\/pages\/8786","targetHints":{"allow":["GET"]}}],"collection":[{"href":"https:\/\/www.kerrock-cz.eu\/staging\/wp-json\/wp\/v2\/pages"}],"about":[{"href":"https:\/\/www.kerrock-cz.eu\/staging\/wp-json\/wp\/v2\/types\/page"}],"author":[{"embeddable":true,"href":"https:\/\/www.kerrock-cz.eu\/staging\/wp-json\/wp\/v2\/users\/5"}],"replies":[{"embeddable":true,"href":"https:\/\/www.kerrock-cz.eu\/staging\/wp-json\/wp\/v2\/comments?post=8786"}],"version-history":[{"count":2,"href":"https:\/\/www.kerrock-cz.eu\/staging\/wp-json\/wp\/v2\/pages\/8786\/revisions"}],"predecessor-version":[{"id":96316,"href":"https:\/\/www.kerrock-cz.eu\/staging\/wp-json\/wp\/v2\/pages\/8786\/revisions\/96316"}],"up":[{"embeddable":true,"href":"https:\/\/www.kerrock-cz.eu\/staging\/wp-json\/wp\/v2\/pages\/8710"}],"wp:featuredmedia":[{"embeddable":true,"href":"https:\/\/www.kerrock-cz.eu\/staging\/wp-json\/wp\/v2\/media\/80555"}],"wp:attachment":[{"href":"https:\/\/www.kerrock-cz.eu\/staging\/wp-json\/wp\/v2\/media?parent=8786"}],"curies":[{"name":"wp","href":"https:\/\/api.w.org\/{rel}","templated":true}]}}