{"id":80297,"date":"2024-05-31T11:50:52","date_gmt":"2024-05-31T09:50:52","guid":{"rendered":"https:\/\/kerrock.si\/staging\/?page_id=80297"},"modified":"2024-06-05T09:53:56","modified_gmt":"2024-06-05T07:53:56","slug":"verejne-instituce","status":"publish","type":"page","link":"https:\/\/www.kerrock-cz.eu\/staging\/pouziti\/verejne-instituce\/","title":{"rendered":"Ve\u0159ejn\u00e9 instituce"},"content":{"rendered":"","protected":false},"excerpt":{"rendered":"","protected":false},"author":14,"featured_media":80670,"parent":8782,"menu_order":6,"comment_status":"closed","ping_status":"closed","template":"","meta":{"_acf_changed":false,"inline_featured_image":false,"footnotes":""},"class_list":["post-80297","page","type-page","status-publish","has-post-thumbnail","hentry"],"acf":[],"yoast_head":"<!-- This site is optimized with the Yoast SEO plugin v26.9 - https:\/\/yoast.com\/product\/yoast-seo-wordpress\/ -->\n<title>Ve\u0159ejn\u00e9 instituce | Staging Kerock<\/title>\n<meta name=\"robots\" content=\"noindex, follow, max-snippet:-1, max-image-preview:large, max-video-preview:-1\" \/>\n<meta property=\"og:locale\" content=\"cs_CZ\" \/>\n<meta property=\"og:type\" content=\"article\" \/>\n<meta property=\"og:title\" content=\"Ve\u0159ejn\u00e9 instituce | Staging Kerock\" \/>\n<meta property=\"og:url\" content=\"https:\/\/www.kerrock-cz.eu\/staging\/pouziti\/verejne-instituce\/\" \/>\n<meta property=\"og:site_name\" content=\"Staging Kerock\" \/>\n<meta property=\"article:modified_time\" content=\"2024-06-05T07:53:56+00:00\" \/>\n<meta property=\"og:image\" content=\"https:\/\/www.kerrock-cz.eu\/wp-content\/uploads\/2024\/04\/uporaba_1920x600_javne_ustanove.webp\" \/>\n\t<meta property=\"og:image:width\" content=\"1920\" \/>\n\t<meta property=\"og:image:height\" content=\"600\" \/>\n\t<meta property=\"og:image:type\" content=\"image\/webp\" \/>\n<meta name=\"twitter:card\" content=\"summary_large_image\" \/>\n<meta name=\"twitter:label1\" content=\"Odhadovan\u00e1 doba \u010dten\u00ed\" \/>\n\t<meta name=\"twitter:data1\" content=\"7 minut\" \/>\n<script type=\"application\/ld+json\" class=\"yoast-schema-graph\">{\"@context\":\"https:\/\/schema.org\",\"@graph\":[{\"@type\":\"WebPage\",\"@id\":\"https:\/\/www.kerrock-cz.eu\/staging\/pouziti\/verejne-instituce\/\",\"url\":\"https:\/\/www.kerrock-cz.eu\/staging\/pouziti\/verejne-instituce\/\",\"name\":\"Ve\u0159ejn\u00e9 instituce | Staging Kerock\",\"isPartOf\":{\"@id\":\"https:\/\/www.kerrock-cz.eu\/#website\"},\"primaryImageOfPage\":{\"@id\":\"https:\/\/www.kerrock-cz.eu\/staging\/pouziti\/verejne-instituce\/#primaryimage\"},\"image\":{\"@id\":\"https:\/\/www.kerrock-cz.eu\/staging\/pouziti\/verejne-instituce\/#primaryimage\"},\"thumbnailUrl\":\"https:\/\/www.kerrock-cz.eu\/staging\/wp-content\/uploads\/2024\/04\/uporaba_1920x600_javne_ustanove.webp\",\"datePublished\":\"2024-05-31T09:50:52+00:00\",\"dateModified\":\"2024-06-05T07:53:56+00:00\",\"breadcrumb\":{\"@id\":\"https:\/\/www.kerrock-cz.eu\/staging\/pouziti\/verejne-instituce\/#breadcrumb\"},\"inLanguage\":\"cs\",\"potentialAction\":[{\"@type\":\"ReadAction\",\"target\":[\"https:\/\/www.kerrock-cz.eu\/staging\/pouziti\/verejne-instituce\/\"]}]},{\"@type\":\"ImageObject\",\"inLanguage\":\"cs\",\"@id\":\"https:\/\/www.kerrock-cz.eu\/staging\/pouziti\/verejne-instituce\/#primaryimage\",\"url\":\"https:\/\/www.kerrock-cz.eu\/staging\/wp-content\/uploads\/2024\/04\/uporaba_1920x600_javne_ustanove.webp\",\"contentUrl\":\"https:\/\/www.kerrock-cz.eu\/staging\/wp-content\/uploads\/2024\/04\/uporaba_1920x600_javne_ustanove.webp\",\"width\":1920,\"height\":600},{\"@type\":\"BreadcrumbList\",\"@id\":\"https:\/\/www.kerrock-cz.eu\/staging\/pouziti\/verejne-instituce\/#breadcrumb\",\"itemListElement\":[{\"@type\":\"ListItem\",\"position\":1,\"name\":\"Home\",\"item\":\"https:\/\/www.kerrock-cz.eu\/\"},{\"@type\":\"ListItem\",\"position\":2,\"name\":\"Pou\u017eit\u00ed\",\"item\":\"https:\/\/www.kerrock-cz.eu\/pouziti\/\"},{\"@type\":\"ListItem\",\"position\":3,\"name\":\"Ve\u0159ejn\u00e9 instituce\"}]},{\"@type\":\"WebSite\",\"@id\":\"https:\/\/www.kerrock-cz.eu\/#website\",\"url\":\"https:\/\/www.kerrock-cz.eu\/\",\"name\":\"Staging Kerock\",\"description\":\"Vymyslete si cokoliv. My to uskute\u010dn\u00edme.\",\"publisher\":{\"@id\":\"https:\/\/www.kerrock-cz.eu\/#organization\"},\"potentialAction\":[{\"@type\":\"SearchAction\",\"target\":{\"@type\":\"EntryPoint\",\"urlTemplate\":\"https:\/\/www.kerrock-cz.eu\/?s={search_term_string}\"},\"query-input\":{\"@type\":\"PropertyValueSpecification\",\"valueRequired\":true,\"valueName\":\"search_term_string\"}}],\"inLanguage\":\"cs\"},{\"@type\":\"Organization\",\"@id\":\"https:\/\/www.kerrock-cz.eu\/#organization\",\"name\":\"Kerrock\",\"url\":\"https:\/\/www.kerrock-cz.eu\/\",\"logo\":{\"@type\":\"ImageObject\",\"inLanguage\":\"cs\",\"@id\":\"https:\/\/www.kerrock-cz.eu\/#\/schema\/logo\/image\/\",\"url\":\"https:\/\/www.kerrock-cz.eu\/staging\/wp-content\/uploads\/2021\/01\/facebook_share_image_1200x628_v2_20210106.jpg\",\"contentUrl\":\"https:\/\/www.kerrock-cz.eu\/staging\/wp-content\/uploads\/2021\/01\/facebook_share_image_1200x628_v2_20210106.jpg\",\"width\":1200,\"height\":628,\"caption\":\"Kerrock\"},\"image\":{\"@id\":\"https:\/\/www.kerrock-cz.eu\/#\/schema\/logo\/image\/\"}}]}<\/script>\n<!-- \/ Yoast SEO plugin. -->","yoast_head_json":{"title":"Ve\u0159ejn\u00e9 instituce | Staging Kerock","robots":{"index":"noindex","follow":"follow","max-snippet":"max-snippet:-1","max-image-preview":"max-image-preview:large","max-video-preview":"max-video-preview:-1"},"og_locale":"cs_CZ","og_type":"article","og_title":"Ve\u0159ejn\u00e9 instituce | Staging Kerock","og_url":"https:\/\/www.kerrock-cz.eu\/staging\/pouziti\/verejne-instituce\/","og_site_name":"Staging Kerock","article_modified_time":"2024-06-05T07:53:56+00:00","og_image":[{"width":1920,"height":600,"url":"https:\/\/www.kerrock-cz.eu\/wp-content\/uploads\/2024\/04\/uporaba_1920x600_javne_ustanove.webp","type":"image\/webp"}],"twitter_card":"summary_large_image","twitter_misc":{"Odhadovan\u00e1 doba \u010dten\u00ed":"7 minut"},"schema":{"@context":"https:\/\/schema.org","@graph":[{"@type":"WebPage","@id":"https:\/\/www.kerrock-cz.eu\/staging\/pouziti\/verejne-instituce\/","url":"https:\/\/www.kerrock-cz.eu\/staging\/pouziti\/verejne-instituce\/","name":"Ve\u0159ejn\u00e9 instituce | Staging Kerock","isPartOf":{"@id":"https:\/\/www.kerrock-cz.eu\/#website"},"primaryImageOfPage":{"@id":"https:\/\/www.kerrock-cz.eu\/staging\/pouziti\/verejne-instituce\/#primaryimage"},"image":{"@id":"https:\/\/www.kerrock-cz.eu\/staging\/pouziti\/verejne-instituce\/#primaryimage"},"thumbnailUrl":"https:\/\/www.kerrock-cz.eu\/staging\/wp-content\/uploads\/2024\/04\/uporaba_1920x600_javne_ustanove.webp","datePublished":"2024-05-31T09:50:52+00:00","dateModified":"2024-06-05T07:53:56+00:00","breadcrumb":{"@id":"https:\/\/www.kerrock-cz.eu\/staging\/pouziti\/verejne-instituce\/#breadcrumb"},"inLanguage":"cs","potentialAction":[{"@type":"ReadAction","target":["https:\/\/www.kerrock-cz.eu\/staging\/pouziti\/verejne-instituce\/"]}]},{"@type":"ImageObject","inLanguage":"cs","@id":"https:\/\/www.kerrock-cz.eu\/staging\/pouziti\/verejne-instituce\/#primaryimage","url":"https:\/\/www.kerrock-cz.eu\/staging\/wp-content\/uploads\/2024\/04\/uporaba_1920x600_javne_ustanove.webp","contentUrl":"https:\/\/www.kerrock-cz.eu\/staging\/wp-content\/uploads\/2024\/04\/uporaba_1920x600_javne_ustanove.webp","width":1920,"height":600},{"@type":"BreadcrumbList","@id":"https:\/\/www.kerrock-cz.eu\/staging\/pouziti\/verejne-instituce\/#breadcrumb","itemListElement":[{"@type":"ListItem","position":1,"name":"Home","item":"https:\/\/www.kerrock-cz.eu\/"},{"@type":"ListItem","position":2,"name":"Pou\u017eit\u00ed","item":"https:\/\/www.kerrock-cz.eu\/pouziti\/"},{"@type":"ListItem","position":3,"name":"Ve\u0159ejn\u00e9 instituce"}]},{"@type":"WebSite","@id":"https:\/\/www.kerrock-cz.eu\/#website","url":"https:\/\/www.kerrock-cz.eu\/","name":"Staging Kerock","description":"Vymyslete si cokoliv. My to uskute\u010dn\u00edme.","publisher":{"@id":"https:\/\/www.kerrock-cz.eu\/#organization"},"potentialAction":[{"@type":"SearchAction","target":{"@type":"EntryPoint","urlTemplate":"https:\/\/www.kerrock-cz.eu\/?s={search_term_string}"},"query-input":{"@type":"PropertyValueSpecification","valueRequired":true,"valueName":"search_term_string"}}],"inLanguage":"cs"},{"@type":"Organization","@id":"https:\/\/www.kerrock-cz.eu\/#organization","name":"Kerrock","url":"https:\/\/www.kerrock-cz.eu\/","logo":{"@type":"ImageObject","inLanguage":"cs","@id":"https:\/\/www.kerrock-cz.eu\/#\/schema\/logo\/image\/","url":"https:\/\/www.kerrock-cz.eu\/staging\/wp-content\/uploads\/2021\/01\/facebook_share_image_1200x628_v2_20210106.jpg","contentUrl":"https:\/\/www.kerrock-cz.eu\/staging\/wp-content\/uploads\/2021\/01\/facebook_share_image_1200x628_v2_20210106.jpg","width":1200,"height":628,"caption":"Kerrock"},"image":{"@id":"https:\/\/www.kerrock-cz.eu\/#\/schema\/logo\/image\/"}}]}},"_links":{"self":[{"href":"https:\/\/www.kerrock-cz.eu\/staging\/wp-json\/wp\/v2\/pages\/80297","targetHints":{"allow":["GET"]}}],"collection":[{"href":"https:\/\/www.kerrock-cz.eu\/staging\/wp-json\/wp\/v2\/pages"}],"about":[{"href":"https:\/\/www.kerrock-cz.eu\/staging\/wp-json\/wp\/v2\/types\/page"}],"author":[{"embeddable":true,"href":"https:\/\/www.kerrock-cz.eu\/staging\/wp-json\/wp\/v2\/users\/14"}],"replies":[{"embeddable":true,"href":"https:\/\/www.kerrock-cz.eu\/staging\/wp-json\/wp\/v2\/comments?post=80297"}],"version-history":[{"count":2,"href":"https:\/\/www.kerrock-cz.eu\/staging\/wp-json\/wp\/v2\/pages\/80297\/revisions"}],"predecessor-version":[{"id":98103,"href":"https:\/\/www.kerrock-cz.eu\/staging\/wp-json\/wp\/v2\/pages\/80297\/revisions\/98103"}],"up":[{"embeddable":true,"href":"https:\/\/www.kerrock-cz.eu\/staging\/wp-json\/wp\/v2\/pages\/8782"}],"wp:featuredmedia":[{"embeddable":true,"href":"https:\/\/www.kerrock-cz.eu\/staging\/wp-json\/wp\/v2\/media\/80670"}],"wp:attachment":[{"href":"https:\/\/www.kerrock-cz.eu\/staging\/wp-json\/wp\/v2\/media?parent=80297"}],"curies":[{"name":"wp","href":"https:\/\/api.w.org\/{rel}","templated":true}]}}